{"id":2271,"date":"2025-11-21T12:00:11","date_gmt":"2025-11-21T12:00:11","guid":{"rendered":"https:\/\/loczniki.nowabeta.pl\/product\/strike-a-t-pose\/"},"modified":"2025-12-21T08:35:23","modified_gmt":"2025-12-21T08:35:23","slug":"strike-a-t-pose","status":"publish","type":"product","link":"https:\/\/shop.loczniki.com\/pl\/produkt\/strike-a-t-pose\/","title":{"rendered":"Strike a T-Pose"},"content":{"rendered":"<p>Elegancki uk\u0142on w stron\u0119 kultowej pozy T, symbolizuj\u0105cej pewno\u015b\u0107 siebie w ka\u017cdym cyfrowym \u015bwiecie. Ta ponadgabarytowa koszulka jest wykonana w Polsce z najwy\u017cszej jako\u015bci materia\u0142\u00f3w i ma czysty nadruk w kolorze bia\u0142ym na czarnym. Wygodny, wytrzyma\u0142y i ca\u0142kiem fajny, subtelnie nawi\u0105zuje do trendu NPC i kultury gier, z kt\u00f3rej znane s\u0105 Loczniki. Loczek ma na sobie rozmiar L.<\/p>\n<p>Materia\u0142: 95% bawe\u0142na, 5% elastan z recyklingu<\/p>\n","protected":false},"excerpt":{"rendered":"<h3 class=\"f1 cl-gray-1\" style=\"font-size: 16px;\"><\/h3>\n<table class=\"table_size\" style=\"height: auto; width: 100%; border-collapse: collapse;\">\n<thead>\n<tr>\n<th><\/th>\n<th>D\u0142ugo\u015b\u0107 przodu<\/th>\n<th>Szeroko\u015b\u0107 przodu<\/th>\n<th>D\u0142ugo\u015b\u0107 r\u0119kawa<\/th>\n<\/tr>\n<\/thead>\n<tbody>\n<tr>\n<td><strong>S<\/strong><\/td>\n<td>70 cm<\/td>\n<td>58 cm<\/td>\n<td>18 cm<\/td>\n<\/tr>\n<tr>\n<td><strong>M<\/strong><\/td>\n<td>72 cm<\/td>\n<td>60 cm<\/td>\n<td>19 cm<\/td>\n<\/tr>\n<tr>\n<td><strong>L<\/strong><\/td>\n<td>74 cm<\/td>\n<td>63 cm<\/td>\n<td>20 cm<\/td>\n<\/tr>\n<tr>\n<td><strong>XL<\/strong><\/td>\n<td>76 cm<\/td>\n<td>65 cm<\/td>\n<td>21 cm<\/td>\n<\/tr>\n<tr>\n<td><strong>XXL<\/strong><\/td>\n<td>78 cm<\/td>\n<td>68 cm<\/td>\n<td>22 cm<\/td>\n<\/tr>\n<\/tbody>\n<\/table>\n","protected":false},"featured_media":2272,"comment_status":"open","ping_status":"closed","template":"","meta":{"_acf_changed":false,"inline_featured_image":false},"product_brand":[],"product_cat":[46],"product_tag":[],"class_list":{"0":"post-2271","1":"product","2":"type-product","3":"status-publish","4":"has-post-thumbnail","6":"product_cat-t-shirts","8":"first","9":"onbackorder","10":"shipping-taxable","11":"purchasable","12":"product-type-variable"},"acf":[],"yoast_head":"<!-- This site is optimized with the Yoast SEO plugin v26.3 - https:\/\/yoast.com\/wordpress\/plugins\/seo\/ -->\n<title>Strike a T-Pose - Loczniki<\/title>\n<meta name=\"robots\" content=\"noindex, follow, max-snippet:-1, max-image-preview:large, max-video-preview:-1\" \/>\n<meta property=\"og:locale\" content=\"pl_PL\" \/>\n<meta property=\"og:type\" content=\"article\" \/>\n<meta property=\"og:title\" content=\"Strike a T-Pose - Loczniki\" \/>\n<meta property=\"og:description\" content=\"D\u0142ugo\u015b\u0107 przodu Szeroko\u015b\u0107 przodu D\u0142ugo\u015b\u0107 r\u0119kawa     S 70 cm 58 cm 18 cm   M 72 cm 60 cm 19 cm   L 74 cm 63 cm 20 cm   XL 76 cm 65 cm 21 cm   XXL 78 cm 68 cm 22 cm\" \/>\n<meta property=\"og:url\" content=\"https:\/\/shop.loczniki.com\/pl\/produkt\/strike-a-t-pose\/\" \/>\n<meta property=\"og:site_name\" content=\"Loczniki\" \/>\n<meta property=\"article:modified_time\" content=\"2025-12-21T08:35:23+00:00\" \/>\n<meta property=\"og:image\" content=\"https:\/\/shop.loczniki.com\/wp-content\/uploads\/2025\/11\/Strike-a-T-Pose-Tee-1-scaled.webp\" \/>\n\t<meta property=\"og:image:width\" content=\"1707\" \/>\n\t<meta property=\"og:image:height\" content=\"2560\" \/>\n\t<meta property=\"og:image:type\" content=\"image\/webp\" \/>\n<meta name=\"twitter:card\" content=\"summary_large_image\" \/>\n<meta name=\"twitter:label1\" content=\"Szacowany czas czytania\" \/>\n\t<meta name=\"twitter:data1\" content=\"1 minuta\" \/>\n<script type=\"application\/ld+json\" class=\"yoast-schema-graph\">{\"@context\":\"https:\/\/schema.org\",\"@graph\":[{\"@type\":\"WebPage\",\"@id\":\"https:\/\/shop.loczniki.com\/pl\/produkt\/strike-a-t-pose\/\",\"url\":\"https:\/\/shop.loczniki.com\/pl\/produkt\/strike-a-t-pose\/\",\"name\":\"Strike a T-Pose - Loczniki\",\"isPartOf\":{\"@id\":\"https:\/\/shop.loczniki.com\/pl\/#website\"},\"primaryImageOfPage\":{\"@id\":\"https:\/\/shop.loczniki.com\/pl\/produkt\/strike-a-t-pose\/#primaryimage\"},\"image\":{\"@id\":\"https:\/\/shop.loczniki.com\/pl\/produkt\/strike-a-t-pose\/#primaryimage\"},\"thumbnailUrl\":\"https:\/\/shop.loczniki.com\/wp-content\/uploads\/2025\/11\/Strike-a-T-Pose-Tee-1-scaled.webp\",\"datePublished\":\"2025-11-21T12:00:11+00:00\",\"dateModified\":\"2025-12-21T08:35:23+00:00\",\"breadcrumb\":{\"@id\":\"https:\/\/shop.loczniki.com\/pl\/produkt\/strike-a-t-pose\/#breadcrumb\"},\"inLanguage\":\"pl-PL\",\"potentialAction\":[{\"@type\":\"ReadAction\",\"target\":[\"https:\/\/shop.loczniki.com\/pl\/produkt\/strike-a-t-pose\/\"]}]},{\"@type\":\"ImageObject\",\"inLanguage\":\"pl-PL\",\"@id\":\"https:\/\/shop.loczniki.com\/pl\/produkt\/strike-a-t-pose\/#primaryimage\",\"url\":\"https:\/\/shop.loczniki.com\/wp-content\/uploads\/2025\/11\/Strike-a-T-Pose-Tee-1-scaled.webp\",\"contentUrl\":\"https:\/\/shop.loczniki.com\/wp-content\/uploads\/2025\/11\/Strike-a-T-Pose-Tee-1-scaled.webp\",\"width\":1707,\"height\":2560},{\"@type\":\"BreadcrumbList\",\"@id\":\"https:\/\/shop.loczniki.com\/pl\/produkt\/strike-a-t-pose\/#breadcrumb\",\"itemListElement\":[{\"@type\":\"ListItem\",\"position\":1,\"name\":\"Home\",\"item\":\"https:\/\/shop.loczniki.com\/pl\/\"},{\"@type\":\"ListItem\",\"position\":2,\"name\":\"Sklep\",\"item\":\"https:\/\/shop.loczniki.com\/shop\/\"},{\"@type\":\"ListItem\",\"position\":3,\"name\":\"Strike a T-Pose\"}]},{\"@type\":\"WebSite\",\"@id\":\"https:\/\/shop.loczniki.com\/pl\/#website\",\"url\":\"https:\/\/shop.loczniki.com\/pl\/\",\"name\":\"Loczniki\",\"description\":\"Skins to Wear: Tees for NPCs\",\"publisher\":{\"@id\":\"https:\/\/shop.loczniki.com\/pl\/#organization\"},\"potentialAction\":[{\"@type\":\"SearchAction\",\"target\":{\"@type\":\"EntryPoint\",\"urlTemplate\":\"https:\/\/shop.loczniki.com\/pl\/?s={search_term_string}\"},\"query-input\":{\"@type\":\"PropertyValueSpecification\",\"valueRequired\":true,\"valueName\":\"search_term_string\"}}],\"inLanguage\":\"pl-PL\"},{\"@type\":\"Organization\",\"@id\":\"https:\/\/shop.loczniki.com\/pl\/#organization\",\"name\":\"Loczniki\",\"url\":\"https:\/\/shop.loczniki.com\/pl\/\",\"logo\":{\"@type\":\"ImageObject\",\"inLanguage\":\"pl-PL\",\"@id\":\"https:\/\/shop.loczniki.com\/pl\/#\/schema\/logo\/image\/\",\"url\":\"https:\/\/shop.loczniki.com\/wp-content\/uploads\/2025\/10\/792ae86dfe8d84809a8ecaa367668ceaafb6c93f-683x1024.webp\",\"contentUrl\":\"https:\/\/shop.loczniki.com\/wp-content\/uploads\/2025\/10\/792ae86dfe8d84809a8ecaa367668ceaafb6c93f-683x1024.webp\",\"width\":683,\"height\":1024,\"caption\":\"Loczniki\"},\"image\":{\"@id\":\"https:\/\/shop.loczniki.com\/pl\/#\/schema\/logo\/image\/\"}}]}<\/script>\n<!-- \/ Yoast SEO plugin. -->","yoast_head_json":{"title":"Strike a T-Pose - Loczniki","robots":{"index":"noindex","follow":"follow","max-snippet":"max-snippet:-1","max-image-preview":"max-image-preview:large","max-video-preview":"max-video-preview:-1"},"og_locale":"pl_PL","og_type":"article","og_title":"Strike a T-Pose - Loczniki","og_description":"D\u0142ugo\u015b\u0107 przodu Szeroko\u015b\u0107 przodu D\u0142ugo\u015b\u0107 r\u0119kawa     S 70 cm 58 cm 18 cm   M 72 cm 60 cm 19 cm   L 74 cm 63 cm 20 cm   XL 76 cm 65 cm 21 cm   XXL 78 cm 68 cm 22 cm","og_url":"https:\/\/shop.loczniki.com\/pl\/produkt\/strike-a-t-pose\/","og_site_name":"Loczniki","article_modified_time":"2025-12-21T08:35:23+00:00","og_image":[{"width":1707,"height":2560,"url":"https:\/\/shop.loczniki.com\/wp-content\/uploads\/2025\/11\/Strike-a-T-Pose-Tee-1-scaled.webp","type":"image\/webp"}],"twitter_card":"summary_large_image","twitter_misc":{"Szacowany czas czytania":"1 minuta"},"schema":{"@context":"https:\/\/schema.org","@graph":[{"@type":"WebPage","@id":"https:\/\/shop.loczniki.com\/pl\/produkt\/strike-a-t-pose\/","url":"https:\/\/shop.loczniki.com\/pl\/produkt\/strike-a-t-pose\/","name":"Strike a T-Pose - Loczniki","isPartOf":{"@id":"https:\/\/shop.loczniki.com\/pl\/#website"},"primaryImageOfPage":{"@id":"https:\/\/shop.loczniki.com\/pl\/produkt\/strike-a-t-pose\/#primaryimage"},"image":{"@id":"https:\/\/shop.loczniki.com\/pl\/produkt\/strike-a-t-pose\/#primaryimage"},"thumbnailUrl":"https:\/\/shop.loczniki.com\/wp-content\/uploads\/2025\/11\/Strike-a-T-Pose-Tee-1-scaled.webp","datePublished":"2025-11-21T12:00:11+00:00","dateModified":"2025-12-21T08:35:23+00:00","breadcrumb":{"@id":"https:\/\/shop.loczniki.com\/pl\/produkt\/strike-a-t-pose\/#breadcrumb"},"inLanguage":"pl-PL","potentialAction":[{"@type":"ReadAction","target":["https:\/\/shop.loczniki.com\/pl\/produkt\/strike-a-t-pose\/"]}]},{"@type":"ImageObject","inLanguage":"pl-PL","@id":"https:\/\/shop.loczniki.com\/pl\/produkt\/strike-a-t-pose\/#primaryimage","url":"https:\/\/shop.loczniki.com\/wp-content\/uploads\/2025\/11\/Strike-a-T-Pose-Tee-1-scaled.webp","contentUrl":"https:\/\/shop.loczniki.com\/wp-content\/uploads\/2025\/11\/Strike-a-T-Pose-Tee-1-scaled.webp","width":1707,"height":2560},{"@type":"BreadcrumbList","@id":"https:\/\/shop.loczniki.com\/pl\/produkt\/strike-a-t-pose\/#breadcrumb","itemListElement":[{"@type":"ListItem","position":1,"name":"Home","item":"https:\/\/shop.loczniki.com\/pl\/"},{"@type":"ListItem","position":2,"name":"Sklep","item":"https:\/\/shop.loczniki.com\/shop\/"},{"@type":"ListItem","position":3,"name":"Strike a T-Pose"}]},{"@type":"WebSite","@id":"https:\/\/shop.loczniki.com\/pl\/#website","url":"https:\/\/shop.loczniki.com\/pl\/","name":"Loczniki","description":"Skins to Wear: Tees for NPCs","publisher":{"@id":"https:\/\/shop.loczniki.com\/pl\/#organization"},"potentialAction":[{"@type":"SearchAction","target":{"@type":"EntryPoint","urlTemplate":"https:\/\/shop.loczniki.com\/pl\/?s={search_term_string}"},"query-input":{"@type":"PropertyValueSpecification","valueRequired":true,"valueName":"search_term_string"}}],"inLanguage":"pl-PL"},{"@type":"Organization","@id":"https:\/\/shop.loczniki.com\/pl\/#organization","name":"Loczniki","url":"https:\/\/shop.loczniki.com\/pl\/","logo":{"@type":"ImageObject","inLanguage":"pl-PL","@id":"https:\/\/shop.loczniki.com\/pl\/#\/schema\/logo\/image\/","url":"https:\/\/shop.loczniki.com\/wp-content\/uploads\/2025\/10\/792ae86dfe8d84809a8ecaa367668ceaafb6c93f-683x1024.webp","contentUrl":"https:\/\/shop.loczniki.com\/wp-content\/uploads\/2025\/10\/792ae86dfe8d84809a8ecaa367668ceaafb6c93f-683x1024.webp","width":683,"height":1024,"caption":"Loczniki"},"image":{"@id":"https:\/\/shop.loczniki.com\/pl\/#\/schema\/logo\/image\/"}}]}},"_links":{"self":[{"href":"https:\/\/shop.loczniki.com\/pl\/wp-json\/wp\/v2\/product\/2271","targetHints":{"allow":["GET"]}}],"collection":[{"href":"https:\/\/shop.loczniki.com\/pl\/wp-json\/wp\/v2\/product"}],"about":[{"href":"https:\/\/shop.loczniki.com\/pl\/wp-json\/wp\/v2\/types\/product"}],"replies":[{"embeddable":true,"href":"https:\/\/shop.loczniki.com\/pl\/wp-json\/wp\/v2\/comments?post=2271"}],"wp:featuredmedia":[{"embeddable":true,"href":"https:\/\/shop.loczniki.com\/pl\/wp-json\/wp\/v2\/media\/2272"}],"wp:attachment":[{"href":"https:\/\/shop.loczniki.com\/pl\/wp-json\/wp\/v2\/media?parent=2271"}],"wp:term":[{"taxonomy":"product_brand","embeddable":true,"href":"https:\/\/shop.loczniki.com\/pl\/wp-json\/wp\/v2\/product_brand?post=2271"},{"taxonomy":"product_cat","embeddable":true,"href":"https:\/\/shop.loczniki.com\/pl\/wp-json\/wp\/v2\/product_cat?post=2271"},{"taxonomy":"product_tag","embeddable":true,"href":"https:\/\/shop.loczniki.com\/pl\/wp-json\/wp\/v2\/product_tag?post=2271"}],"curies":[{"name":"wp","href":"https:\/\/api.w.org\/{rel}","templated":true}]}}