{"id":2258,"date":"2025-11-21T12:12:14","date_gmt":"2025-11-21T12:12:14","guid":{"rendered":"https:\/\/loczniki.nowabeta.pl\/product\/npc-hoodie\/"},"modified":"2025-12-21T08:29:42","modified_gmt":"2025-12-21T08:29:42","slug":"npc-hoodie","status":"publish","type":"product","link":"https:\/\/shop.loczniki.com\/pl\/produkt\/npc-hoodie\/","title":{"rendered":"NPC Hoodie"},"content":{"rendered":"<p>Dla tych, kt\u00f3rzy dryfuj\u0105 przez \u017cycie na autopilocie \u2013 i dobrze przy tym wygl\u0105daj\u0105. Bluza z kapturem \u201eI\u2019m Just an NPC\u201d m\u00f3wi to, \u017ceby\u015b Ty nie musia\u0142: \u201eNie pytaj mnie, jestem tylko NPC\u201d. Mi\u0119kka, obszerna i wystarczaj\u0105co ci\u0119\u017cka, by pe\u0142ni\u0107 rol\u0119 pancerza chroni\u0105cego przed nadmiarem my\u015bli. Wyprodukowana lokalnie w Polsce z 470-gramowej, nieczesanej dzianiny dresowej, stworzona dla wygody, a nie chaosu. Posiada klasyczn\u0105 kiesze\u0144 kangurkow\u0105 \u2013 bo nawet NPC potrzebuj\u0105 miejsca do przechowywania. Niewielki wysi\u0142ek. Wysoka jako\u015b\u0107. Szczyt energii NPC. Model(Nicki) ma 158cm wzrostu i nosi rozmiar S.<\/p>\n","protected":false},"excerpt":{"rendered":"<h3 class=\"f1 cl-gray-1\" style=\"font-size: 16px;\"><\/h3>\n<table class=\"table_size\" style=\"height: auto; width: 100%; border-collapse: collapse;\">\n<thead>\n<tr>\n<th><\/th>\n<th>D\u0142ugo\u015b\u0107 przodu<\/th>\n<th>Szeroko\u015b\u0107 przodu<\/th>\n<th>D\u0142ugo\u015b\u0107 r\u0119kawa<\/th>\n<\/tr>\n<\/thead>\n<tbody>\n<tr>\n<td><strong>S<\/strong><\/td>\n<td>70 cm<\/td>\n<td>58 cm<\/td>\n<td>18 cm<\/td>\n<\/tr>\n<tr>\n<td><strong>M<\/strong><\/td>\n<td>72 cm<\/td>\n<td>60 cm<\/td>\n<td>19 cm<\/td>\n<\/tr>\n<tr>\n<td><strong>L<\/strong><\/td>\n<td>74 cm<\/td>\n<td>63 cm<\/td>\n<td>20 cm<\/td>\n<\/tr>\n<tr>\n<td><strong>XL<\/strong><\/td>\n<td>76 cm<\/td>\n<td>65 cm<\/td>\n<td>21 cm<\/td>\n<\/tr>\n<tr>\n<td><strong>XXL<\/strong><\/td>\n<td>78 cm<\/td>\n<td>68 cm<\/td>\n<td>22 cm<\/td>\n<\/tr>\n<\/tbody>\n<\/table>\n","protected":false},"featured_media":2259,"comment_status":"open","ping_status":"closed","template":"","meta":{"_acf_changed":false,"inline_featured_image":false},"product_brand":[],"product_cat":[53],"product_tag":[],"class_list":{"0":"post-2258","1":"product","2":"type-product","3":"status-publish","4":"has-post-thumbnail","6":"product_cat-bluzy","8":"first","9":"onbackorder","10":"shipping-taxable","11":"purchasable","12":"product-type-variable"},"acf":[],"yoast_head":"<!-- This site is optimized with the Yoast SEO plugin v26.3 - https:\/\/yoast.com\/wordpress\/plugins\/seo\/ -->\n<title>NPC Hoodie - Loczniki<\/title>\n<meta name=\"robots\" content=\"noindex, follow, max-snippet:-1, max-image-preview:large, max-video-preview:-1\" \/>\n<meta property=\"og:locale\" content=\"pl_PL\" \/>\n<meta property=\"og:type\" content=\"article\" \/>\n<meta property=\"og:title\" content=\"NPC Hoodie - Loczniki\" \/>\n<meta property=\"og:description\" content=\"D\u0142ugo\u015b\u0107 przodu Szeroko\u015b\u0107 przodu D\u0142ugo\u015b\u0107 r\u0119kawa     S 70 cm 58 cm 18 cm   M 72 cm 60 cm 19 cm   L 74 cm 63 cm 20 cm   XL 76 cm 65 cm 21 cm   XXL 78 cm 68 cm 22 cm\" \/>\n<meta property=\"og:url\" content=\"https:\/\/shop.loczniki.com\/pl\/produkt\/npc-hoodie\/\" \/>\n<meta property=\"og:site_name\" content=\"Loczniki\" \/>\n<meta property=\"article:modified_time\" content=\"2025-12-21T08:29:42+00:00\" \/>\n<meta property=\"og:image\" content=\"https:\/\/shop.loczniki.com\/wp-content\/uploads\/2025\/11\/Product-1.webp\" \/>\n\t<meta property=\"og:image:width\" content=\"750\" \/>\n\t<meta property=\"og:image:height\" content=\"1125\" \/>\n\t<meta property=\"og:image:type\" content=\"image\/webp\" \/>\n<meta name=\"twitter:card\" content=\"summary_large_image\" \/>\n<meta name=\"twitter:label1\" content=\"Szacowany czas czytania\" \/>\n\t<meta name=\"twitter:data1\" content=\"1 minuta\" \/>\n<script type=\"application\/ld+json\" class=\"yoast-schema-graph\">{\"@context\":\"https:\/\/schema.org\",\"@graph\":[{\"@type\":\"WebPage\",\"@id\":\"https:\/\/shop.loczniki.com\/pl\/produkt\/npc-hoodie\/\",\"url\":\"https:\/\/shop.loczniki.com\/pl\/produkt\/npc-hoodie\/\",\"name\":\"NPC Hoodie - Loczniki\",\"isPartOf\":{\"@id\":\"https:\/\/shop.loczniki.com\/pl\/#website\"},\"primaryImageOfPage\":{\"@id\":\"https:\/\/shop.loczniki.com\/pl\/produkt\/npc-hoodie\/#primaryimage\"},\"image\":{\"@id\":\"https:\/\/shop.loczniki.com\/pl\/produkt\/npc-hoodie\/#primaryimage\"},\"thumbnailUrl\":\"https:\/\/shop.loczniki.com\/wp-content\/uploads\/2025\/11\/Product-1.webp\",\"datePublished\":\"2025-11-21T12:12:14+00:00\",\"dateModified\":\"2025-12-21T08:29:42+00:00\",\"breadcrumb\":{\"@id\":\"https:\/\/shop.loczniki.com\/pl\/produkt\/npc-hoodie\/#breadcrumb\"},\"inLanguage\":\"pl-PL\",\"potentialAction\":[{\"@type\":\"ReadAction\",\"target\":[\"https:\/\/shop.loczniki.com\/pl\/produkt\/npc-hoodie\/\"]}]},{\"@type\":\"ImageObject\",\"inLanguage\":\"pl-PL\",\"@id\":\"https:\/\/shop.loczniki.com\/pl\/produkt\/npc-hoodie\/#primaryimage\",\"url\":\"https:\/\/shop.loczniki.com\/wp-content\/uploads\/2025\/11\/Product-1.webp\",\"contentUrl\":\"https:\/\/shop.loczniki.com\/wp-content\/uploads\/2025\/11\/Product-1.webp\",\"width\":750,\"height\":1125},{\"@type\":\"BreadcrumbList\",\"@id\":\"https:\/\/shop.loczniki.com\/pl\/produkt\/npc-hoodie\/#breadcrumb\",\"itemListElement\":[{\"@type\":\"ListItem\",\"position\":1,\"name\":\"Home\",\"item\":\"https:\/\/shop.loczniki.com\/pl\/\"},{\"@type\":\"ListItem\",\"position\":2,\"name\":\"Sklep\",\"item\":\"https:\/\/shop.loczniki.com\/shop\/\"},{\"@type\":\"ListItem\",\"position\":3,\"name\":\"NPC Hoodie\"}]},{\"@type\":\"WebSite\",\"@id\":\"https:\/\/shop.loczniki.com\/pl\/#website\",\"url\":\"https:\/\/shop.loczniki.com\/pl\/\",\"name\":\"Loczniki\",\"description\":\"Skins to Wear: Tees for NPCs\",\"publisher\":{\"@id\":\"https:\/\/shop.loczniki.com\/pl\/#organization\"},\"potentialAction\":[{\"@type\":\"SearchAction\",\"target\":{\"@type\":\"EntryPoint\",\"urlTemplate\":\"https:\/\/shop.loczniki.com\/pl\/?s={search_term_string}\"},\"query-input\":{\"@type\":\"PropertyValueSpecification\",\"valueRequired\":true,\"valueName\":\"search_term_string\"}}],\"inLanguage\":\"pl-PL\"},{\"@type\":\"Organization\",\"@id\":\"https:\/\/shop.loczniki.com\/pl\/#organization\",\"name\":\"Loczniki\",\"url\":\"https:\/\/shop.loczniki.com\/pl\/\",\"logo\":{\"@type\":\"ImageObject\",\"inLanguage\":\"pl-PL\",\"@id\":\"https:\/\/shop.loczniki.com\/pl\/#\/schema\/logo\/image\/\",\"url\":\"https:\/\/shop.loczniki.com\/wp-content\/uploads\/2025\/10\/792ae86dfe8d84809a8ecaa367668ceaafb6c93f-683x1024.webp\",\"contentUrl\":\"https:\/\/shop.loczniki.com\/wp-content\/uploads\/2025\/10\/792ae86dfe8d84809a8ecaa367668ceaafb6c93f-683x1024.webp\",\"width\":683,\"height\":1024,\"caption\":\"Loczniki\"},\"image\":{\"@id\":\"https:\/\/shop.loczniki.com\/pl\/#\/schema\/logo\/image\/\"}}]}<\/script>\n<!-- \/ Yoast SEO plugin. -->","yoast_head_json":{"title":"NPC Hoodie - Loczniki","robots":{"index":"noindex","follow":"follow","max-snippet":"max-snippet:-1","max-image-preview":"max-image-preview:large","max-video-preview":"max-video-preview:-1"},"og_locale":"pl_PL","og_type":"article","og_title":"NPC Hoodie - Loczniki","og_description":"D\u0142ugo\u015b\u0107 przodu Szeroko\u015b\u0107 przodu D\u0142ugo\u015b\u0107 r\u0119kawa     S 70 cm 58 cm 18 cm   M 72 cm 60 cm 19 cm   L 74 cm 63 cm 20 cm   XL 76 cm 65 cm 21 cm   XXL 78 cm 68 cm 22 cm","og_url":"https:\/\/shop.loczniki.com\/pl\/produkt\/npc-hoodie\/","og_site_name":"Loczniki","article_modified_time":"2025-12-21T08:29:42+00:00","og_image":[{"width":750,"height":1125,"url":"https:\/\/shop.loczniki.com\/wp-content\/uploads\/2025\/11\/Product-1.webp","type":"image\/webp"}],"twitter_card":"summary_large_image","twitter_misc":{"Szacowany czas czytania":"1 minuta"},"schema":{"@context":"https:\/\/schema.org","@graph":[{"@type":"WebPage","@id":"https:\/\/shop.loczniki.com\/pl\/produkt\/npc-hoodie\/","url":"https:\/\/shop.loczniki.com\/pl\/produkt\/npc-hoodie\/","name":"NPC Hoodie - Loczniki","isPartOf":{"@id":"https:\/\/shop.loczniki.com\/pl\/#website"},"primaryImageOfPage":{"@id":"https:\/\/shop.loczniki.com\/pl\/produkt\/npc-hoodie\/#primaryimage"},"image":{"@id":"https:\/\/shop.loczniki.com\/pl\/produkt\/npc-hoodie\/#primaryimage"},"thumbnailUrl":"https:\/\/shop.loczniki.com\/wp-content\/uploads\/2025\/11\/Product-1.webp","datePublished":"2025-11-21T12:12:14+00:00","dateModified":"2025-12-21T08:29:42+00:00","breadcrumb":{"@id":"https:\/\/shop.loczniki.com\/pl\/produkt\/npc-hoodie\/#breadcrumb"},"inLanguage":"pl-PL","potentialAction":[{"@type":"ReadAction","target":["https:\/\/shop.loczniki.com\/pl\/produkt\/npc-hoodie\/"]}]},{"@type":"ImageObject","inLanguage":"pl-PL","@id":"https:\/\/shop.loczniki.com\/pl\/produkt\/npc-hoodie\/#primaryimage","url":"https:\/\/shop.loczniki.com\/wp-content\/uploads\/2025\/11\/Product-1.webp","contentUrl":"https:\/\/shop.loczniki.com\/wp-content\/uploads\/2025\/11\/Product-1.webp","width":750,"height":1125},{"@type":"BreadcrumbList","@id":"https:\/\/shop.loczniki.com\/pl\/produkt\/npc-hoodie\/#breadcrumb","itemListElement":[{"@type":"ListItem","position":1,"name":"Home","item":"https:\/\/shop.loczniki.com\/pl\/"},{"@type":"ListItem","position":2,"name":"Sklep","item":"https:\/\/shop.loczniki.com\/shop\/"},{"@type":"ListItem","position":3,"name":"NPC Hoodie"}]},{"@type":"WebSite","@id":"https:\/\/shop.loczniki.com\/pl\/#website","url":"https:\/\/shop.loczniki.com\/pl\/","name":"Loczniki","description":"Skins to Wear: Tees for NPCs","publisher":{"@id":"https:\/\/shop.loczniki.com\/pl\/#organization"},"potentialAction":[{"@type":"SearchAction","target":{"@type":"EntryPoint","urlTemplate":"https:\/\/shop.loczniki.com\/pl\/?s={search_term_string}"},"query-input":{"@type":"PropertyValueSpecification","valueRequired":true,"valueName":"search_term_string"}}],"inLanguage":"pl-PL"},{"@type":"Organization","@id":"https:\/\/shop.loczniki.com\/pl\/#organization","name":"Loczniki","url":"https:\/\/shop.loczniki.com\/pl\/","logo":{"@type":"ImageObject","inLanguage":"pl-PL","@id":"https:\/\/shop.loczniki.com\/pl\/#\/schema\/logo\/image\/","url":"https:\/\/shop.loczniki.com\/wp-content\/uploads\/2025\/10\/792ae86dfe8d84809a8ecaa367668ceaafb6c93f-683x1024.webp","contentUrl":"https:\/\/shop.loczniki.com\/wp-content\/uploads\/2025\/10\/792ae86dfe8d84809a8ecaa367668ceaafb6c93f-683x1024.webp","width":683,"height":1024,"caption":"Loczniki"},"image":{"@id":"https:\/\/shop.loczniki.com\/pl\/#\/schema\/logo\/image\/"}}]}},"_links":{"self":[{"href":"https:\/\/shop.loczniki.com\/pl\/wp-json\/wp\/v2\/product\/2258","targetHints":{"allow":["GET"]}}],"collection":[{"href":"https:\/\/shop.loczniki.com\/pl\/wp-json\/wp\/v2\/product"}],"about":[{"href":"https:\/\/shop.loczniki.com\/pl\/wp-json\/wp\/v2\/types\/product"}],"replies":[{"embeddable":true,"href":"https:\/\/shop.loczniki.com\/pl\/wp-json\/wp\/v2\/comments?post=2258"}],"wp:featuredmedia":[{"embeddable":true,"href":"https:\/\/shop.loczniki.com\/pl\/wp-json\/wp\/v2\/media\/2259"}],"wp:attachment":[{"href":"https:\/\/shop.loczniki.com\/pl\/wp-json\/wp\/v2\/media?parent=2258"}],"wp:term":[{"taxonomy":"product_brand","embeddable":true,"href":"https:\/\/shop.loczniki.com\/pl\/wp-json\/wp\/v2\/product_brand?post=2258"},{"taxonomy":"product_cat","embeddable":true,"href":"https:\/\/shop.loczniki.com\/pl\/wp-json\/wp\/v2\/product_cat?post=2258"},{"taxonomy":"product_tag","embeddable":true,"href":"https:\/\/shop.loczniki.com\/pl\/wp-json\/wp\/v2\/product_tag?post=2258"}],"curies":[{"name":"wp","href":"https:\/\/api.w.org\/{rel}","templated":true}]}}